{"id":171,"date":"2017-02-13T06:48:36","date_gmt":"2017-02-13T05:48:36","guid":{"rendered":"https:\/\/www.patricyan.com\/boutique\/?page_id=171"},"modified":"2017-02-24T03:53:01","modified_gmt":"2017-02-24T02:53:01","slug":"la-mue-du-lion","status":"publish","type":"page","link":"https:\/\/www.patricyan.com\/boutique\/accueil-2\/la-mue-du-lion\/","title":{"rendered":"La mue du lion &#8211; 2009"},"content":{"rendered":"<p><em>Moulting of lion<\/em><\/p>\n<p><img loading=\"lazy\" decoding=\"async\" class=\"alignnone size-large wp-image-209 zoooom\" src=\"https:\/\/www.patricyan.com\/boutique\/wp-content\/uploads\/2017\/02\/la-mue-du-lion-750x596.jpg\" alt=\"\" width=\"660\" height=\"524\" srcset=\"https:\/\/www.patricyan.com\/boutique\/wp-content\/uploads\/2017\/02\/la-mue-du-lion-750x596.jpg 750w, https:\/\/www.patricyan.com\/boutique\/wp-content\/uploads\/2017\/02\/la-mue-du-lion-300x238.jpg 300w, https:\/\/www.patricyan.com\/boutique\/wp-content\/uploads\/2017\/02\/la-mue-du-lion-768x610.jpg 768w\" sizes=\"auto, (max-width: 660px) 100vw, 660px\" \/><\/p>\n<p>Sculpture, techniques mixtes. Assemblage de m\u00e9taux.<\/p>\n<p><em>Mixed media. Assembly of metals.<br \/>\n<\/em><\/p>\n<p>Dimensions : 0,80m\/0,60m<\/p>\n<p><a href=\"https:\/\/www.patricyan.com\/mues-06.htm\" target=\"_blank\">Pour plus d&rsquo;informations &#8211; <em>More informations<\/em><\/a><\/p>\n<p><span style=\"color: #ff0000;\"><strong>1500 euros<\/strong> &#8211; Livraison gratuite eu Europe<\/span><\/p>\n<p><span style=\"color: #3366ff;\">En cliquant sur le bouton <em>Acheter<\/em> ci-dessous vous serez redirig\u00e9 vers le syst\u00e8me Paypal (paiement s\u00e9curis\u00e9) .<\/span><\/p>\n\n<form action=\"https:\/\/www.paypal.com\/cgi-bin\/webscr\" method=\"post\" target=\"_top\"><input name=\"cmd\" type=\"hidden\" value=\"_s-xclick\" \/><br \/>\n<input name=\"hosted_button_id\" type=\"hidden\" value=\"XY3G6ZBDYPJLN\" \/><br \/>\n<input alt=\"PayPal, le r\u00e9flexe s\u00e9curit\u00e9 pour payer en ligne\" name=\"submit\" src=\"https:\/\/www.paypalobjects.com\/fr_FR\/FR\/i\/btn\/btn_buynowCC_LG.gif\" type=\"image\" \/><br \/>\n<img loading=\"lazy\" decoding=\"async\" src=\"https:\/\/www.paypalobjects.com\/fr_FR\/i\/scr\/pixel.gif\" alt=\"\" width=\"1\" height=\"1\" border=\"0\" \/><\/form>\n<p><span style=\"color: #3366ff;\">Livraison : selon le pays de destination le temps de livraison varie entre 5 jours et 2 semaines.<\/span><\/p>\n<p><a href=\"https:\/\/www.patricyan.com\/boutique\/cgv\/\">Conditions g\u00e9n\u00e9rales de vente<\/a><\/p>\n<p><a href=\"https:\/\/www.patricyan.com\/boutique\/\">Retour \u00e0 la boutique<\/a><\/p>\n\n","protected":false},"excerpt":{"rendered":"<p>Moulting of lion Sculpture, techniques mixtes. Assemblage de m\u00e9taux. Mixed media. Assembly of metals. Dimensions : 0,80m\/0,60m Pour plus d&rsquo;informations &#8211; More informations 1500 euros &#8211; Livraison gratuite eu Europe<\/p>\n","protected":false},"author":1,"featured_media":0,"parent":29,"menu_order":20,"comment_status":"closed","ping_status":"closed","template":"","meta":{"footnotes":""},"class_list":["post-171","page","type-page","status-publish","hentry"],"_links":{"self":[{"href":"https:\/\/www.patricyan.com\/boutique\/wp-json\/wp\/v2\/pages\/171","targetHints":{"allow":["GET"]}}],"collection":[{"href":"https:\/\/www.patricyan.com\/boutique\/wp-json\/wp\/v2\/pages"}],"about":[{"href":"https:\/\/www.patricyan.com\/boutique\/wp-json\/wp\/v2\/types\/page"}],"author":[{"embeddable":true,"href":"https:\/\/www.patricyan.com\/boutique\/wp-json\/wp\/v2\/users\/1"}],"replies":[{"embeddable":true,"href":"https:\/\/www.patricyan.com\/boutique\/wp-json\/wp\/v2\/comments?post=171"}],"version-history":[{"count":18,"href":"https:\/\/www.patricyan.com\/boutique\/wp-json\/wp\/v2\/pages\/171\/revisions"}],"predecessor-version":[{"id":387,"href":"https:\/\/www.patricyan.com\/boutique\/wp-json\/wp\/v2\/pages\/171\/revisions\/387"}],"up":[{"embeddable":true,"href":"https:\/\/www.patricyan.com\/boutique\/wp-json\/wp\/v2\/pages\/29"}],"wp:attachment":[{"href":"https:\/\/www.patricyan.com\/boutique\/wp-json\/wp\/v2\/media?parent=171"}],"curies":[{"name":"wp","href":"https:\/\/api.w.org\/{rel}","templated":true}]}}