{"id":29,"date":"2017-02-05T10:20:07","date_gmt":"2017-02-05T09:20:07","guid":{"rendered":"https:\/\/www.patricyan.com\/boutique\/?page_id=29"},"modified":"2017-02-24T05:36:19","modified_gmt":"2017-02-24T04:36:19","slug":"accueil-2","status":"publish","type":"page","link":"https:\/\/www.patricyan.com\/boutique\/","title":{"rendered":"Boutique en ligne"},"content":{"rendered":"<p><span style=\"color: #0000ff;\"><div class=\"su-row\"> <div class=\"su-column su-column-size-1-3\"><div class=\"su-column-inner su-u-clearfix su-u-trim\"><\/span><\/p>\n<p><a href=\"https:\/\/www.patricyan.com\/boutique\/accueil-2\/la-mue-du-coquillage\/\"><img loading=\"lazy\" decoding=\"async\" class=\"size-medium wp-image-78\" src=\"https:\/\/www.patricyan.com\/boutique\/wp-content\/uploads\/2017\/02\/site-coquillage-300x276.jpg\" alt=\"1500 euros\" width=\"300\" height=\"276\" \/><\/a><\/p>\n<p><strong><a href=\"https:\/\/www.patricyan.com\/boutique\/accueil-2\/la-mue-du-coquillage\/\">La mue du coquillage<br \/>\nMoulting of sea shell<br \/>\n<\/a><\/strong> 2009<span style=\"color: #008000;\"><br \/>\n<\/span><\/p>\n<p><span style=\"font-size: 16px;\">Sculpture, techniques mixtes. Assemblage de m\u00e9taux.<\/span><\/p>\n<p><em>Mixed media. Assembly of metals.<\/em><\/p>\n<p>1,10m\/0,55m<\/p>\n<p><span style=\"font-size: 16px; color: #ff0000;\"><span style=\"font-size: 14pt;\"><strong>1500 euros<\/strong><\/span><\/span><\/p>\n<p><span style=\"color: #0000ff;\"><\/div><\/div> <div class=\"su-column su-column-size-1-3\"><div class=\"su-column-inner su-u-clearfix su-u-trim\"><\/span><\/p>\n<p><a href=\"https:\/\/www.patricyan.com\/boutique\/accueil-2\/la-mue-du-lion\/\"><img loading=\"lazy\" decoding=\"async\" class=\"alignnone size-medium wp-image-79\" src=\"https:\/\/www.patricyan.com\/boutique\/wp-content\/uploads\/2017\/02\/Site-lion-300x276.jpg\" alt=\"\" width=\"300\" height=\"276\" \/><\/a><\/p>\n<p><strong><a href=\"https:\/\/www.patricyan.com\/boutique\/accueil-2\/la-mue-du-lion\/\">La mue du lion<br \/>\n<em>Moulting of lion<br \/>\n<\/em><\/a><\/strong> 2009<\/p>\n<p>Sculpture, techniques mixtes. Assemblage de m\u00e9taux.<\/p>\n<p><em>Mixed media. Assembly of metals.<\/em><\/p>\n<p>0,80m\/0,60m<\/p>\n<p><span style=\"font-size: 14pt; color: #ff0000;\"><strong>1500 euros<\/strong><\/span><\/p>\n<p><span style=\"color: #0000ff;\"><\/div><\/div> <div class=\"su-column su-column-size-1-3\"><div class=\"su-column-inner su-u-clearfix su-u-trim\"><\/span><\/p>\n<p><a href=\"https:\/\/www.patricyan.com\/boutique\/accueil-2\/la-mue-du-belier\/\"><img loading=\"lazy\" decoding=\"async\" class=\"alignnone size-medium wp-image-80\" src=\"https:\/\/www.patricyan.com\/boutique\/wp-content\/uploads\/2017\/02\/site-belier-300x276.jpg\" alt=\"\" width=\"300\" height=\"276\" \/><\/a><\/p>\n<p><a href=\"https:\/\/www.patricyan.com\/boutique\/accueil-2\/la-mue-du-belier\/\"><strong>La mue du b\u00e9lier<\/strong><br \/>\n<strong> Moulting of aries<br \/>\n<\/strong><\/a> 2010<\/p>\n<p>Sculpture, techniques mixtes. Assemblage de m\u00e9taux.<\/p>\n<p><em>Mixed media. Assembly of metals.<\/em><\/p>\n<p>0,65m\/0,40m<\/p>\n<p><span style=\"font-size: 14pt; color: #ff0000;\"><strong>1500 euros<\/strong><\/span><\/p>\n<p><span style=\"color: #0000ff;\"><\/div><\/div> <\/div> <div class=\"su-row\"> <div class=\"su-column su-column-size-1-3\"><div class=\"su-column-inner su-u-clearfix su-u-trim\"><\/span><\/p>\n<p><a href=\"https:\/\/www.patricyan.com\/boutique\/accueil-2\/reliquaire-coeur\/\"><img loading=\"lazy\" decoding=\"async\" class=\"alignnone size-medium wp-image-81\" src=\"https:\/\/www.patricyan.com\/boutique\/wp-content\/uploads\/2017\/02\/site-coeur-300x279.jpg\" alt=\"\" width=\"300\" height=\"279\" \/><\/a><\/p>\n<p><a href=\"https:\/\/www.patricyan.com\/boutique\/accueil-2\/reliquaire-coeur\/\">Reliquaire coeur<br \/>\nReliquary heart 2015<\/a><\/p>\n<p><span style=\"font-size: 16px;\">D\u00e9tournement garde-manger.<\/span><\/p>\n<p><span style=\"font-size: 16px;\">Techniques mixte, broderie m\u00e9tal, p\u00e2te polym\u00e8re.<\/span><\/p>\n<p><em>Mixed techniques, metal embroidery, polymer clay.<\/em><\/p>\n<p>0,26m\/0,23m\/0,20m<\/p>\n<p><span style=\"font-size: 14pt; color: #ff0000;\"><strong>800 euros<\/strong><\/span><\/p>\n<p><span style=\"color: #0000ff;\"><\/div><\/div> <div class=\"su-column su-column-size-1-3\"><div class=\"su-column-inner su-u-clearfix su-u-trim\"><\/span><\/p>\n<p><a href=\"https:\/\/www.patricyan.com\/boutique\/accueil-2\/reliquaire-sein\/\"><img loading=\"lazy\" decoding=\"async\" class=\"alignnone size-medium wp-image-82\" src=\"https:\/\/www.patricyan.com\/boutique\/wp-content\/uploads\/2017\/02\/site-seinr-300x276.jpg\" alt=\"\" width=\"300\" height=\"276\" \/><\/a><\/p>\n<p><a href=\"https:\/\/www.patricyan.com\/boutique\/accueil-2\/reliquaire-sein\/\">Reliquaire sein<br \/>\nReliquary breast 2016<\/a><\/p>\n<p>D\u00e9tournement garde-manger.<\/p>\n<p>Techniques mixte, broderie m\u00e9tal, p\u00e2te polym\u00e8re.<\/p>\n<p><em>Mixed techniques, metal embroidery, polymer clay.<\/em><\/p>\n<p>0,26m\/0,23m\/0,20m<\/p>\n<p><span style=\"font-size: 14pt; color: #ff0000;\"><strong>800 euros<\/strong><\/span><\/p>\n<p><span style=\"color: #0000ff;\"><\/div><\/div> <div class=\"su-column su-column-size-1-3\"><div class=\"su-column-inner su-u-clearfix su-u-trim\"><\/span><\/p>\n<p><a href=\"https:\/\/www.patricyan.com\/boutique\/accueil-2\/la-mue-de-vache-corne\/\"><img loading=\"lazy\" decoding=\"async\" class=\"alignnone size-medium wp-image-83\" src=\"https:\/\/www.patricyan.com\/boutique\/wp-content\/uploads\/2017\/02\/site-corne-300x276.jpg\" alt=\"\" width=\"300\" height=\"276\" \/><\/a><\/p>\n<p><a href=\"https:\/\/www.patricyan.com\/boutique\/accueil-2\/la-mue-de-vache-corne\/\">La mue de vache: corne<br \/>\nMoulting of cow: the horn 2013<\/a><\/p>\n<p>Techniques mixtes , corne et m\u00e9tal.<\/p>\n<p><em>Mixed techniques, horn, metal.<\/em><\/p>\n<p>0,40m\/0,35m<\/p>\n<p><span style=\"font-size: 14pt; color: #ff0000;\"><strong>500 euros<\/strong><\/span><\/p>\n<p><span style=\"color: #0000ff;\"><\/div><\/div> <\/div> <div class=\"su-row\"> <div class=\"su-column su-column-size-1-3\"><div class=\"su-column-inner su-u-clearfix su-u-trim\"><\/span><\/p>\n<p><a href=\"https:\/\/www.patricyan.com\/boutique\/accueil-2\/le-germe\/\"><img loading=\"lazy\" decoding=\"async\" class=\"alignnone size-medium wp-image-84\" src=\"https:\/\/www.patricyan.com\/boutique\/wp-content\/uploads\/2017\/02\/site-germe-300x276.jpg\" alt=\"\" width=\"300\" height=\"276\" \/><\/a><\/p>\n<p><a href=\"https:\/\/www.patricyan.com\/boutique\/accueil-2\/le-germe\/\">Le germe<br \/>\nThe germ 2011<\/a><\/p>\n<p>Techniques mixtes, broderie m\u00e9tal.<\/p>\n<p><em>Mixed technique, embroidery metal.<\/em><\/p>\n<p>0,25m\/0,25m\/0,25m<\/p>\n<p><span style=\"font-size: 14pt; color: #ff0000;\"><strong>120 euros<\/strong><\/span><\/p>\n<p><span style=\"color: #0000ff;\"><\/div><\/div> <div class=\"su-column su-column-size-1-3\"><div class=\"su-column-inner su-u-clearfix su-u-trim\"><\/span><\/p>\n<p><a href=\"https:\/\/www.patricyan.com\/boutique\/accueil-2\/sculpture-sac\/\"><img loading=\"lazy\" decoding=\"async\" class=\"alignnone size-medium wp-image-85\" src=\"https:\/\/www.patricyan.com\/boutique\/wp-content\/uploads\/2017\/02\/Site-sac-300x276.jpg\" alt=\"\" width=\"300\" height=\"276\" \/><\/a><\/p>\n<p><a href=\"https:\/\/www.patricyan.com\/boutique\/accueil-2\/sculpture-sac\/\">Sculpture sac<br \/>\nSculpture bag 2011<\/a><\/p>\n<p>Techniques mixtes, broderie m\u00e9tal.<\/p>\n<p><em>Mixed technique, embroidery metal.<\/em><\/p>\n<p>0,35m\/0,25m\/0,20m<\/p>\n<p><span style=\"font-size: 14pt; color: #ff0000;\"><strong>500 euros<\/strong><\/span><\/p>\n<p><span style=\"color: #0000ff;\"><\/div><\/div> <div class=\"su-column su-column-size-1-3\"><div class=\"su-column-inner su-u-clearfix su-u-trim\"><\/span><\/p>\n<p><a href=\"https:\/\/www.patricyan.com\/boutique\/accueil-2\/le-poil\/\"><img loading=\"lazy\" decoding=\"async\" class=\"alignnone size-medium wp-image-86\" src=\"https:\/\/www.patricyan.com\/boutique\/wp-content\/uploads\/2017\/02\/site-poil-300x276.jpg\" alt=\"\" width=\"300\" height=\"276\" \/><\/a><\/p>\n<p><a href=\"https:\/\/www.patricyan.com\/boutique\/accueil-2\/le-poil\/\">Le poil<br \/>\nThe hair 2013<\/a><\/p>\n<p>Techniques mixtes.<\/p>\n<p><em>Mixed techniques, needles.<\/em><\/p>\n<p>0,06m\/0,05m\/0,05m<\/p>\n<p><span style=\"font-size: 14pt; color: #ff0000;\"><strong>120 euros<\/strong><\/span><\/p>\n<p><span style=\"color: #0000ff;\"><\/div><\/div> <\/div> <div class=\"su-row\"> <div class=\"su-column su-column-size-1-3\"><div class=\"su-column-inner su-u-clearfix su-u-trim\"><\/span><\/p>\n<p><a href=\"https:\/\/www.patricyan.com\/boutique\/accueil-2\/talisman-deesse-rouge\/\"><img loading=\"lazy\" decoding=\"async\" class=\"alignnone size-medium wp-image-89\" src=\"https:\/\/www.patricyan.com\/boutique\/wp-content\/uploads\/2017\/02\/site-talisman-227x300.jpg\" alt=\"\" width=\"227\" height=\"300\" srcset=\"https:\/\/www.patricyan.com\/boutique\/wp-content\/uploads\/2017\/02\/site-talisman-227x300.jpg 227w, https:\/\/www.patricyan.com\/boutique\/wp-content\/uploads\/2017\/02\/site-talisman.jpg 300w\" sizes=\"auto, (max-width: 227px) 100vw, 227px\" \/><\/a><\/p>\n<p><a href=\"https:\/\/www.patricyan.com\/boutique\/accueil-2\/talisman-deesse-rouge\/\">Talisman d\u00e9esse rouge<br \/>\nRed queen talisman 2004<\/a><\/p>\n<p>Sculpture suspension.<\/p>\n<p>Techniques mixtes, metal, perles de verre, chainette.<\/p>\n<p><em>Mixed techniques, glass beads, chain.<\/em><\/p>\n<p>0,70m<\/p>\n<p><span style=\"font-size: 14pt; color: #ff0000;\"><strong>650 euros<\/strong><\/span><\/p>\n<p><span style=\"color: #0000ff;\"><\/div><\/div> <div class=\"su-column su-column-size-1-3\"><div class=\"su-column-inner su-u-clearfix su-u-trim\"><\/span><\/p>\n<p><a href=\"https:\/\/www.patricyan.com\/boutique\/accueil-2\/talisman-trompes\/\"><img loading=\"lazy\" decoding=\"async\" class=\"alignnone size-medium wp-image-90\" src=\"https:\/\/www.patricyan.com\/boutique\/wp-content\/uploads\/2017\/02\/site-talismanc-227x300.jpg\" alt=\"\" width=\"227\" height=\"300\" srcset=\"https:\/\/www.patricyan.com\/boutique\/wp-content\/uploads\/2017\/02\/site-talismanc-227x300.jpg 227w, https:\/\/www.patricyan.com\/boutique\/wp-content\/uploads\/2017\/02\/site-talismanc.jpg 300w\" sizes=\"auto, (max-width: 227px) 100vw, 227px\" \/><\/a><\/p>\n<p><a href=\"https:\/\/www.patricyan.com\/boutique\/accueil-2\/talisman-trompes\/\">Talisman trompes<br \/>\nTalisman tromps 2004<\/a><\/p>\n<p>Sculpture suspension.<\/p>\n<p>Techniques mixtes, cornes, perles de verre, \u00e9toffe, cordelette.<\/p>\n<p><em>Mixed techniques, horns, glass beads and little cord.<\/em><\/p>\n<p>0,40m<\/p>\n<p><span style=\"font-size: 14pt; color: #ff0000;\"><strong>400 euros<\/strong><\/span><\/p>\n<p><span style=\"color: #0000ff;\"><\/div><\/div> <div class=\"su-column su-column-size-1-3\"><div class=\"su-column-inner su-u-clearfix su-u-trim\"><\/span><\/p>\n<p><a href=\"https:\/\/www.patricyan.com\/boutique\/accueil-2\/ecoulements\/\"><img loading=\"lazy\" decoding=\"async\" class=\"alignnone size-medium wp-image-91\" src=\"https:\/\/www.patricyan.com\/boutique\/wp-content\/uploads\/2017\/02\/Site-sang-227x300.jpg\" alt=\"\" width=\"227\" height=\"300\" srcset=\"https:\/\/www.patricyan.com\/boutique\/wp-content\/uploads\/2017\/02\/Site-sang-227x300.jpg 227w, https:\/\/www.patricyan.com\/boutique\/wp-content\/uploads\/2017\/02\/Site-sang.jpg 300w\" sizes=\"auto, (max-width: 227px) 100vw, 227px\" \/><\/a><\/p>\n<p><a href=\"https:\/\/www.patricyan.com\/boutique\/accueil-2\/ecoulements\/\">\u00c9coulements<br \/>\nFlows 2016<\/a><\/p>\n<p>Sculpture transform\u00e9e.<\/p>\n<p>Peinture, fleurs en perles de verre, cheveux synth\u00e9tiques.<\/p>\n<p><em>Sculpture transformed.<\/em><\/p>\n<p><em>Painting, flowers glass beads, synthetic hair.<\/em><\/p>\n<p>0,25m<\/p>\n<p><span style=\"color: #ff0000;\"><strong><span style=\"font-size: 14pt;\">300 euros<\/span><\/strong><\/span><\/p>\n<p><span style=\"color: #0000ff;\"><\/div><\/div> <\/div> <div class=\"su-row\"> <div class=\"su-column su-column-size-1-3\"><div class=\"su-column-inner su-u-clearfix su-u-trim\"><\/span><\/p>\n<p><a href=\"https:\/\/www.patricyan.com\/boutique\/accueil-2\/lenfance-de-dionysos\/\"><img loading=\"lazy\" decoding=\"async\" class=\"alignnone size-medium wp-image-92\" src=\"https:\/\/www.patricyan.com\/boutique\/wp-content\/uploads\/2017\/02\/site-dyonisos-227x300.jpg\" alt=\"\" width=\"227\" height=\"300\" srcset=\"https:\/\/www.patricyan.com\/boutique\/wp-content\/uploads\/2017\/02\/site-dyonisos-227x300.jpg 227w, https:\/\/www.patricyan.com\/boutique\/wp-content\/uploads\/2017\/02\/site-dyonisos.jpg 300w\" sizes=\"auto, (max-width: 227px) 100vw, 227px\" \/><\/a><\/p>\n<p><a href=\"https:\/\/www.patricyan.com\/boutique\/accueil-2\/lenfance-de-dionysos\/\">L&rsquo;enfance de Dionysos<br \/>\nChildhood of Dionysos 2015<\/a><\/p>\n<p>Groupe statuaire <em>Sculpture group<\/em><\/p>\n<p>Techniques mixtes. Assemblage de p\u00e2tes polym\u00e8re, m\u00e9tal, perles, fourrure synth\u00e9tique.<\/p>\n<p><em>Mixed technique, assembly of metal, beads, polymer clay, synthetic fur.<\/em><\/p>\n<p>0,30m<\/p>\n<p><span style=\"font-size: 14pt; color: #ff0000;\"><strong>700 euros<\/strong><\/span><\/p>\n<p><span style=\"color: #0000ff;\"><\/div><\/div> <div class=\"su-column su-column-size-1-3\"><div class=\"su-column-inner su-u-clearfix su-u-trim\"><\/span><\/p>\n<p><a href=\"https:\/\/www.patricyan.com\/boutique\/accueil-2\/venus-les-initiees\/\"><img loading=\"lazy\" decoding=\"async\" class=\"alignnone size-medium wp-image-93\" src=\"https:\/\/www.patricyan.com\/boutique\/wp-content\/uploads\/2017\/02\/site-venus-227x300.jpg\" alt=\"\" width=\"227\" height=\"300\" srcset=\"https:\/\/www.patricyan.com\/boutique\/wp-content\/uploads\/2017\/02\/site-venus-227x300.jpg 227w, https:\/\/www.patricyan.com\/boutique\/wp-content\/uploads\/2017\/02\/site-venus.jpg 300w\" sizes=\"auto, (max-width: 227px) 100vw, 227px\" \/><\/a><\/p>\n<p><a href=\"https:\/\/www.patricyan.com\/boutique\/accueil-2\/venus-les-initiees\/\">Venus, les initi\u00e9es<br \/>\nVenus, the initiates 2014<\/a><\/p>\n<p>Groupe statuaire<\/p>\n<p>Techniques mixtes. Assemblage de p\u00e2tes polym\u00e8re, m\u00e9tal, perles, fourrure synth\u00e9tique.<\/p>\n<p><em>Sculpture group<\/em><\/p>\n<p><em>Mixed technique, assembly of metal, beads, polymer clay, synthetic fur.<\/em><\/p>\n<p>0,30m<\/p>\n<p><span style=\"color: #ff0000;\"><strong><span style=\"font-size: 14pt;\">700 euros<\/span><\/strong><\/span><\/p>\n<p><span style=\"color: #0000ff;\"><\/div><\/div> <div class=\"su-column su-column-size-1-3\"><div class=\"su-column-inner su-u-clearfix su-u-trim\"><\/span><\/p>\n<p><a href=\"https:\/\/www.patricyan.com\/boutique\/accueil-2\/la-metamorphose-de-io\/\"><img loading=\"lazy\" decoding=\"async\" class=\"alignnone size-medium wp-image-94\" src=\"https:\/\/www.patricyan.com\/boutique\/wp-content\/uploads\/2017\/02\/site-metamorphose-227x300.jpg\" alt=\"\" width=\"227\" height=\"300\" srcset=\"https:\/\/www.patricyan.com\/boutique\/wp-content\/uploads\/2017\/02\/site-metamorphose-227x300.jpg 227w, https:\/\/www.patricyan.com\/boutique\/wp-content\/uploads\/2017\/02\/site-metamorphose.jpg 300w\" sizes=\"auto, (max-width: 227px) 100vw, 227px\" \/><\/a><\/p>\n<p><a href=\"https:\/\/www.patricyan.com\/boutique\/accueil-2\/la-metamorphose-de-io\/\">La m\u00e9tamorphose de IO<br \/>\nMetamorphosis of IO 2015<\/a><\/p>\n<p>Groupe statuaire<\/p>\n<p>Techniques mixtes. Assemblage de p\u00e2tes polym\u00e8re, m\u00e9tal, perles, fourrure et cheveux synth\u00e9tiques.<\/p>\n<p><em>Sculpture group<\/em><\/p>\n<p><em>Mixed technique, assembly of metal, beads, polymer clay, synthetic hair and fur.<\/em><\/p>\n<p>0,20m<\/p>\n<p><span style=\"color: #ff0000;\"><strong>700 euros<\/strong><\/span><\/p>\n<p><span style=\"color: #0000ff;\"><\/div><\/div> <\/div> <div class=\"su-row\"> <div class=\"su-column su-column-size-1-3\"><div class=\"su-column-inner su-u-clearfix su-u-trim\"><\/span><\/p>\n<p><a href=\"https:\/\/www.patricyan.com\/boutique\/accueil-2\/les-betes-et-les-deshabillees-1\/\"><img loading=\"lazy\" decoding=\"async\" class=\"alignnone size-medium wp-image-95\" src=\"https:\/\/www.patricyan.com\/boutique\/wp-content\/uploads\/2017\/02\/site-robed-227x300.jpg\" alt=\"\" width=\"227\" height=\"300\" srcset=\"https:\/\/www.patricyan.com\/boutique\/wp-content\/uploads\/2017\/02\/site-robed-227x300.jpg 227w, https:\/\/www.patricyan.com\/boutique\/wp-content\/uploads\/2017\/02\/site-robed.jpg 300w\" sizes=\"auto, (max-width: 227px) 100vw, 227px\" \/><\/a><\/p>\n<p><a href=\"https:\/\/www.patricyan.com\/boutique\/accueil-2\/les-betes-et-les-deshabillees-1\/\">Les b\u00eates et les d\u00e9shabill\u00e9es (1)<br \/>\nThe beasts and the undresseds 2016<\/a><\/p>\n<p>Sculpture assemblage<\/p>\n<p>Robes poup\u00e9e de collection, figurine, r\u00e9sine.<\/p>\n<p><em>Sculpture assembly<\/em><\/p>\n<p><em>Dress of doll, figurine, resin.<\/em><\/p>\n<p>0,20m<\/p>\n<p><span style=\"font-size: 14pt; color: #ff0000;\"><strong>110 euros<\/strong><\/span><\/p>\n<p><span style=\"color: #0000ff;\"><\/div><\/div> <div class=\"su-column su-column-size-1-3\"><div class=\"su-column-inner su-u-clearfix su-u-trim\"><\/span><\/p>\n<p><a href=\"https:\/\/www.patricyan.com\/boutique\/accueil-2\/les-betes-et-les-deshabillees-2\/\"><img loading=\"lazy\" decoding=\"async\" class=\"alignnone size-medium wp-image-96\" src=\"https:\/\/www.patricyan.com\/boutique\/wp-content\/uploads\/2017\/02\/site-robeg-227x300.jpg\" alt=\"\" width=\"227\" height=\"300\" srcset=\"https:\/\/www.patricyan.com\/boutique\/wp-content\/uploads\/2017\/02\/site-robeg-227x300.jpg 227w, https:\/\/www.patricyan.com\/boutique\/wp-content\/uploads\/2017\/02\/site-robeg.jpg 300w\" sizes=\"auto, (max-width: 227px) 100vw, 227px\" \/><\/a><\/p>\n<p><a href=\"https:\/\/www.patricyan.com\/boutique\/accueil-2\/les-betes-et-les-deshabillees-2\/\">Les b\u00eates et les d\u00e9shabill\u00e9es (2)<br \/>\nThe beasts and the undresseds 2016<\/a><\/p>\n<p>Sculpture assemblage<\/p>\n<p>Robes poup\u00e9e de collection, figurine, r\u00e9sine.<\/p>\n<p><em>Sculpture assembly<\/em><\/p>\n<p><em>Dress of doll, figurine, resin.<\/em><\/p>\n<p>0,16m<\/p>\n<p><span style=\"font-size: 14pt; color: #ff0000;\"><strong>110 euros<\/strong><\/span><\/p>\n<p><span style=\"color: #0000ff;\"><\/div><\/div> <div class=\"su-column su-column-size-1-3\"><div class=\"su-column-inner su-u-clearfix su-u-trim\"><\/span><\/p>\n<p><a href=\"https:\/\/www.patricyan.com\/boutique\/accueil-2\/les-betes-et-les-deshabillees-3\/\"><img loading=\"lazy\" decoding=\"async\" class=\"alignnone size-medium wp-image-97\" src=\"https:\/\/www.patricyan.com\/boutique\/wp-content\/uploads\/2017\/02\/site-robec-227x300.jpg\" alt=\"\" width=\"227\" height=\"300\" srcset=\"https:\/\/www.patricyan.com\/boutique\/wp-content\/uploads\/2017\/02\/site-robec-227x300.jpg 227w, https:\/\/www.patricyan.com\/boutique\/wp-content\/uploads\/2017\/02\/site-robec.jpg 300w\" sizes=\"auto, (max-width: 227px) 100vw, 227px\" \/><\/a><\/p>\n<p><a href=\"https:\/\/www.patricyan.com\/boutique\/accueil-2\/les-betes-et-les-deshabillees-3\/\">Les b\u00eates et les d\u00e9shabill\u00e9es (3)<br \/>\nThe beasts and the undresseds 2016<\/a><\/p>\n<p>Sculpture assemblage<\/p>\n<p>Robes poup\u00e9e de collection, figurine, r\u00e9sine.<\/p>\n<p><em>Sculpture assembly<\/em><\/p>\n<p><em>Dress of doll, figurine, resin.<\/em><\/p>\n<p>0,16m<\/p>\n<p><span style=\"font-size: 14pt; color: #ff0000;\"><strong>110 euros<\/strong><\/span><\/p>\n<p><span style=\"color: #0000ff;\"><\/div><\/div> <\/div> <div class=\"su-row\"> <div class=\"su-column su-column-size-1-3\"><div class=\"su-column-inner su-u-clearfix su-u-trim\"><\/span><\/p>\n<p><a href=\"https:\/\/www.patricyan.com\/boutique\/accueil-2\/les-chimeres-1\/\"><img loading=\"lazy\" decoding=\"async\" class=\"alignnone size-medium wp-image-99\" src=\"https:\/\/www.patricyan.com\/boutique\/wp-content\/uploads\/2017\/02\/site-chimereb-227x300.jpg\" alt=\"\" width=\"227\" height=\"300\" srcset=\"https:\/\/www.patricyan.com\/boutique\/wp-content\/uploads\/2017\/02\/site-chimereb-227x300.jpg 227w, https:\/\/www.patricyan.com\/boutique\/wp-content\/uploads\/2017\/02\/site-chimereb.jpg 300w\" sizes=\"auto, (max-width: 227px) 100vw, 227px\" \/><\/a><\/p>\n<p><a href=\"https:\/\/www.patricyan.com\/boutique\/accueil-2\/les-chimeres-1\/\">Les chim\u00e8res (1)<br \/>\nChimeras 2015<\/a><\/p>\n<p>Sculpture techniques mixtes, m\u00e9tal yeux de poup\u00e9e, peinture.<\/p>\n<p><em>Sculpture, mixed techniques, painting and eyes of dolls.<\/em><\/p>\n<p>0,25m<\/p>\n<p><span style=\"font-size: 14pt; color: #ff0000;\"><strong>180 euros<\/strong><\/span><\/p>\n<p><span style=\"color: #0000ff;\"><\/div><\/div> <div class=\"su-column su-column-size-1-3\"><div class=\"su-column-inner su-u-clearfix su-u-trim\"><\/span><\/p>\n<p><a href=\"https:\/\/www.patricyan.com\/boutique\/accueil-2\/les-chimeres-2\/\"><img loading=\"lazy\" decoding=\"async\" class=\"alignnone size-medium wp-image-100\" src=\"https:\/\/www.patricyan.com\/boutique\/wp-content\/uploads\/2017\/02\/site-chimerea-233x300.jpg\" alt=\"\" width=\"233\" height=\"300\" srcset=\"https:\/\/www.patricyan.com\/boutique\/wp-content\/uploads\/2017\/02\/site-chimerea-233x300.jpg 233w, https:\/\/www.patricyan.com\/boutique\/wp-content\/uploads\/2017\/02\/site-chimerea.jpg 300w\" sizes=\"auto, (max-width: 233px) 100vw, 233px\" \/><\/a><\/p>\n<p><a href=\"https:\/\/www.patricyan.com\/boutique\/accueil-2\/les-chimeres-2\/\">Les chim\u00e8res (2)<br \/>\nChimeras 2015<\/a><\/p>\n<p>Sculpture techniques mixtes, m\u00e9tal yeux de poup\u00e9e, peinture.<\/p>\n<p><em>Sculpture, mixed techniques, painting and eyes of dolls.<\/em><\/p>\n<p>0,25m<\/p>\n<p><span style=\"font-size: 14pt; color: #ff0000;\"><strong>180 euros<\/strong><\/span><\/p>\n<p><span style=\"color: #0000ff;\"><\/div><\/div> <div class=\"su-column su-column-size-1-3\"><div class=\"su-column-inner su-u-clearfix su-u-trim\"><\/span><\/p>\n<p><a href=\"https:\/\/www.patricyan.com\/boutique\/accueil-2\/les-chimeres-3\/\"><img loading=\"lazy\" decoding=\"async\" class=\"alignnone size-medium wp-image-101\" src=\"https:\/\/www.patricyan.com\/boutique\/wp-content\/uploads\/2017\/02\/site-chimerec-227x300.jpg\" alt=\"\" width=\"227\" height=\"300\" srcset=\"https:\/\/www.patricyan.com\/boutique\/wp-content\/uploads\/2017\/02\/site-chimerec-227x300.jpg 227w, https:\/\/www.patricyan.com\/boutique\/wp-content\/uploads\/2017\/02\/site-chimerec.jpg 300w\" sizes=\"auto, (max-width: 227px) 100vw, 227px\" \/><\/a><\/p>\n<p><a href=\"https:\/\/www.patricyan.com\/boutique\/accueil-2\/les-chimeres-3\/\">Les chim\u00e8res (3)<br \/>\nChimeras 2015<\/a><\/p>\n<p>Sculpture techniques mixtes, m\u00e9tal yeux de poup\u00e9e, peinture.<\/p>\n<p><em>Sculpture, mixed techniques, painting and eyes of dolls.<\/em><\/p>\n<p>0,25m<\/p>\n<p><span style=\"font-size: 14pt; color: #ff0000;\"><strong>110 euros<\/strong><\/span><\/p>\n<p><span style=\"color: #0000ff;\"><\/div><\/div> <\/div> <div class=\"su-row\"> <div class=\"su-column su-column-size-1-3\"><div class=\"su-column-inner su-u-clearfix su-u-trim\"><\/span><\/p>\n<p><a href=\"https:\/\/www.patricyan.com\/boutique\/accueil-2\/les-enfantelets-1\/\"><img loading=\"lazy\" decoding=\"async\" class=\"alignnone size-medium wp-image-102\" src=\"https:\/\/www.patricyan.com\/boutique\/wp-content\/uploads\/2017\/02\/site-enfanteletb-227x300.jpg\" alt=\"\" width=\"227\" height=\"300\" srcset=\"https:\/\/www.patricyan.com\/boutique\/wp-content\/uploads\/2017\/02\/site-enfanteletb-227x300.jpg 227w, https:\/\/www.patricyan.com\/boutique\/wp-content\/uploads\/2017\/02\/site-enfanteletb.jpg 300w\" sizes=\"auto, (max-width: 227px) 100vw, 227px\" \/><\/a><\/p>\n<p><a href=\"https:\/\/www.patricyan.com\/boutique\/accueil-2\/les-enfantelets-1\/\">Les enfantelets (1)<br \/>\nChildren 2001<\/a><\/p>\n<p>Sculpture suspension<\/p>\n<p>Assemblage m\u00e9taux.<\/p>\n<p><em>Sculpture assembly metal.<\/em><\/p>\n<p>1,50m<\/p>\n<p><span style=\"font-size: 14pt; color: #ff0000;\"><strong>700 euros<\/strong><\/span><\/p>\n<p><span style=\"color: #0000ff;\"><\/div><\/div> <div class=\"su-column su-column-size-1-3\"><div class=\"su-column-inner su-u-clearfix su-u-trim\"><\/span><\/p>\n<p><a href=\"https:\/\/www.patricyan.com\/boutique\/accueil-2\/les-enfantelets-2\/\"><img loading=\"lazy\" decoding=\"async\" class=\"alignnone size-medium wp-image-103\" src=\"https:\/\/www.patricyan.com\/boutique\/wp-content\/uploads\/2017\/02\/site-enfantelet-227x300.jpg\" alt=\"\" width=\"227\" height=\"300\" srcset=\"https:\/\/www.patricyan.com\/boutique\/wp-content\/uploads\/2017\/02\/site-enfantelet-227x300.jpg 227w, https:\/\/www.patricyan.com\/boutique\/wp-content\/uploads\/2017\/02\/site-enfantelet.jpg 300w\" sizes=\"auto, (max-width: 227px) 100vw, 227px\" \/><\/a><\/p>\n<p><a href=\"https:\/\/www.patricyan.com\/boutique\/accueil-2\/les-enfantelets-2\/\">Les enfantelets (2)<br \/>\nChildren 2001<\/a><\/p>\n<p>Sculpture suspension<\/p>\n<p>Assemblage m\u00e9taux.<\/p>\n<p><em>Sculpture assembly metal.<\/em><\/p>\n<p>1,30m<\/p>\n<p><strong><span style=\"color: #ff0000;\">700 euros<\/span><\/strong><\/p>\n<p><span style=\"color: #0000ff;\"><\/div><\/div> <div class=\"su-column su-column-size-1-3\"><div class=\"su-column-inner su-u-clearfix su-u-trim\"><\/span><\/p>\n<p><a href=\"https:\/\/www.patricyan.com\/boutique\/accueil-2\/les-enfantelets-3\/\"><img loading=\"lazy\" decoding=\"async\" class=\"alignnone size-medium wp-image-104\" src=\"https:\/\/www.patricyan.com\/boutique\/wp-content\/uploads\/2017\/02\/site-enfanteletc-300x278.jpg\" alt=\"\" width=\"300\" height=\"278\" \/><\/a><\/p>\n<p><a href=\"https:\/\/www.patricyan.com\/boutique\/accueil-2\/les-enfantelets-3\/\">Les enfantelets (3)<br \/>\nChildren 2001<\/a><\/p>\n<p>Sculpture<\/p>\n<p>Assemblage m\u00e9taux.<\/p>\n<p><em>Sculpture assembly metal.<\/em><\/p>\n<p>1,50m<\/p>\n<p><span style=\"font-size: 14pt; color: #ff0000;\"><strong>700 euros<\/strong><\/span><\/p>\n<p><span style=\"color: #0000ff;\"><\/div><\/div> <\/div><\/span><\/p>\n","protected":false},"excerpt":{"rendered":"","protected":false},"author":1,"featured_media":0,"parent":0,"menu_order":0,"comment_status":"closed","ping_status":"closed","template":"","meta":{"footnotes":""},"class_list":["post-29","page","type-page","status-publish","hentry"],"_links":{"self":[{"href":"https:\/\/www.patricyan.com\/boutique\/wp-json\/wp\/v2\/pages\/29","targetHints":{"allow":["GET"]}}],"collection":[{"href":"https:\/\/www.patricyan.com\/boutique\/wp-json\/wp\/v2\/pages"}],"about":[{"href":"https:\/\/www.patricyan.com\/boutique\/wp-json\/wp\/v2\/types\/page"}],"author":[{"embeddable":true,"href":"https:\/\/www.patricyan.com\/boutique\/wp-json\/wp\/v2\/users\/1"}],"replies":[{"embeddable":true,"href":"https:\/\/www.patricyan.com\/boutique\/wp-json\/wp\/v2\/comments?post=29"}],"version-history":[{"count":69,"href":"https:\/\/www.patricyan.com\/boutique\/wp-json\/wp\/v2\/pages\/29\/revisions"}],"predecessor-version":[{"id":510,"href":"https:\/\/www.patricyan.com\/boutique\/wp-json\/wp\/v2\/pages\/29\/revisions\/510"}],"wp:attachment":[{"href":"https:\/\/www.patricyan.com\/boutique\/wp-json\/wp\/v2\/media?parent=29"}],"curies":[{"name":"wp","href":"https:\/\/api.w.org\/{rel}","templated":true}]}}