{"id":329,"date":"2017-02-15T07:35:52","date_gmt":"2017-02-15T06:35:52","guid":{"rendered":"http:\/\/www.patricyan.com\/boutique\/?page_id=329"},"modified":"2017-02-24T04:01:46","modified_gmt":"2017-02-24T03:01:46","slug":"reliquaire-sein","status":"publish","type":"page","link":"https:\/\/www.patricyan.com\/boutique\/accueil-2\/reliquaire-sein\/","title":{"rendered":"Reliquaire sein &#8211; 2016"},"content":{"rendered":"<p><em>Reliquary breast<\/em><\/p>\n<p><img loading=\"lazy\" decoding=\"async\" class=\"alignnone size-large wp-image-228 zoooom\" src=\"https:\/\/www.patricyan.com\/boutique\/wp-content\/uploads\/2017\/02\/page-sein-750x563.jpg\" alt=\"\" width=\"660\" height=\"495\" srcset=\"https:\/\/www.patricyan.com\/boutique\/wp-content\/uploads\/2017\/02\/page-sein-750x563.jpg 750w, https:\/\/www.patricyan.com\/boutique\/wp-content\/uploads\/2017\/02\/page-sein-300x225.jpg 300w, https:\/\/www.patricyan.com\/boutique\/wp-content\/uploads\/2017\/02\/page-sein-768x576.jpg 768w\" sizes=\"auto, (max-width: 660px) 100vw, 660px\" \/><\/p>\n<p>D\u00e9tournement garde-manger.<\/p>\n<p>Techniques mixte, broderie m\u00e9tal, p\u00e2te polym\u00e8re.<\/p>\n<p><em>Mixed techniques, metal embroidery, polymer clay.<\/em><\/p>\n<p>Dimensions : 0,26m\/0,23m\/0,20m<\/p>\n<p><span style=\"color: #ff0000;\"><strong>800 euros<\/strong> &#8211; Livraison gratuite eu Europe<\/span><\/p>\n<p><span style=\"color: #3366ff;\">En cliquant sur le bouton <em>Acheter<\/em> ci-dessous vous serez redirig\u00e9 vers le syst\u00e8me Paypal (paiement s\u00e9curis\u00e9) .<\/span><\/p>\n\n<form action=\"https:\/\/www.paypal.com\/cgi-bin\/webscr\" method=\"post\" target=\"_top\"><input name=\"cmd\" type=\"hidden\" value=\"_s-xclick\" \/><br \/>\n<input name=\"hosted_button_id\" type=\"hidden\" value=\"LKCMTXEMD3RLJ\" \/><br \/>\n<input alt=\"PayPal, le r\u00e9flexe s\u00e9curit\u00e9 pour payer en ligne\" name=\"submit\" src=\"https:\/\/www.paypalobjects.com\/fr_FR\/FR\/i\/btn\/btn_buynowCC_LG.gif\" type=\"image\" \/><br \/>\n<img loading=\"lazy\" decoding=\"async\" src=\"https:\/\/www.paypalobjects.com\/fr_FR\/i\/scr\/pixel.gif\" alt=\"\" width=\"1\" height=\"1\" border=\"0\" \/><\/form>\n<p><span style=\"color: #3366ff;\">Livraison : selon le pays de destination le temps de livraison varie entre 5 jours et 2 semaines.<\/span><\/p>\n<p><a href=\"https:\/\/www.patricyan.com\/boutique\/cgv\/\">Conditions g\u00e9n\u00e9rales de vente<\/a><\/p>\n<p><a href=\"https:\/\/www.patricyan.com\/boutique\/\">Retour \u00e0 la boutique<\/a><\/p>\n\n","protected":false},"excerpt":{"rendered":"<p>Reliquary breast D\u00e9tournement garde-manger. Techniques mixte, broderie m\u00e9tal, p\u00e2te polym\u00e8re. Mixed techniques, metal embroidery, polymer clay. Dimensions : 0,26m\/0,23m\/0,20m 800 euros &#8211; Livraison gratuite eu Europe<\/p>\n","protected":false},"author":1,"featured_media":0,"parent":29,"menu_order":50,"comment_status":"closed","ping_status":"closed","template":"","meta":{"footnotes":""},"class_list":["post-329","page","type-page","status-publish","hentry"],"_links":{"self":[{"href":"https:\/\/www.patricyan.com\/boutique\/wp-json\/wp\/v2\/pages\/329","targetHints":{"allow":["GET"]}}],"collection":[{"href":"https:\/\/www.patricyan.com\/boutique\/wp-json\/wp\/v2\/pages"}],"about":[{"href":"https:\/\/www.patricyan.com\/boutique\/wp-json\/wp\/v2\/types\/page"}],"author":[{"embeddable":true,"href":"https:\/\/www.patricyan.com\/boutique\/wp-json\/wp\/v2\/users\/1"}],"replies":[{"embeddable":true,"href":"https:\/\/www.patricyan.com\/boutique\/wp-json\/wp\/v2\/comments?post=329"}],"version-history":[{"count":4,"href":"https:\/\/www.patricyan.com\/boutique\/wp-json\/wp\/v2\/pages\/329\/revisions"}],"predecessor-version":[{"id":393,"href":"https:\/\/www.patricyan.com\/boutique\/wp-json\/wp\/v2\/pages\/329\/revisions\/393"}],"up":[{"embeddable":true,"href":"https:\/\/www.patricyan.com\/boutique\/wp-json\/wp\/v2\/pages\/29"}],"wp:attachment":[{"href":"https:\/\/www.patricyan.com\/boutique\/wp-json\/wp\/v2\/media?parent=329"}],"curies":[{"name":"wp","href":"https:\/\/api.w.org\/{rel}","templated":true}]}}