{"id":378,"date":"2017-02-23T07:23:03","date_gmt":"2017-02-23T06:23:03","guid":{"rendered":"http:\/\/www.patricyan.com\/boutique\/?page_id=378"},"modified":"2017-02-24T03:55:52","modified_gmt":"2017-02-24T02:55:52","slug":"talisman-deesse-rouge","status":"publish","type":"page","link":"https:\/\/www.patricyan.com\/boutique\/accueil-2\/talisman-deesse-rouge\/","title":{"rendered":"Talisman d\u00e9esse rouge &#8211; 2004"},"content":{"rendered":"<p><em>Red queen talisman<\/em><\/p>\n<p><img loading=\"lazy\" decoding=\"async\" class=\"alignnone size-large wp-image-230 zoooom\" src=\"https:\/\/www.patricyan.com\/boutique\/wp-content\/uploads\/2017\/02\/page-talismanes-750x1000.jpg\" alt=\"\" width=\"660\" height=\"880\" srcset=\"https:\/\/www.patricyan.com\/boutique\/wp-content\/uploads\/2017\/02\/page-talismanes-750x1000.jpg 750w, https:\/\/www.patricyan.com\/boutique\/wp-content\/uploads\/2017\/02\/page-talismanes-225x300.jpg 225w, https:\/\/www.patricyan.com\/boutique\/wp-content\/uploads\/2017\/02\/page-talismanes-768x1024.jpg 768w, https:\/\/www.patricyan.com\/boutique\/wp-content\/uploads\/2017\/02\/page-talismanes.jpg 1425w\" sizes=\"auto, (max-width: 660px) 100vw, 660px\" \/><\/p>\n<p>Sculpture suspension.<\/p>\n<p>Techniques mixtes, metal, perles de verre, chainette.<\/p>\n<p><em>Mixed techniques, glass beads, chain.<\/em><\/p>\n<p>Dimensions : 0,70m<\/p>\n<p><a href=\"https:\/\/www.patricyan.com\/talismans-02.htm\" target=\"_blank\">Pour plus d&rsquo;informations &#8211; <em>More informations<\/em><\/a><\/p>\n<p><span style=\"color: #ff0000;\"><strong>650 euros<\/strong> &#8211; Livraison gratuite eu Europe<\/span><\/p>\n<p><span style=\"color: #3366ff;\">En cliquant sur le bouton <em>Acheter<\/em> ci-dessous vous serez redirig\u00e9 vers le syst\u00e8me Paypal (paiement s\u00e9curis\u00e9) .<\/span><\/p>\n\n<form action=\"https:\/\/www.paypal.com\/cgi-bin\/webscr\" method=\"post\" target=\"_top\"><input name=\"cmd\" type=\"hidden\" value=\"_s-xclick\" \/><br \/>\n<input name=\"hosted_button_id\" type=\"hidden\" value=\"A59MGTRPGYTWL\" \/><br \/>\n<input alt=\"PayPal, le r\u00e9flexe s\u00e9curit\u00e9 pour payer en ligne\" name=\"submit\" src=\"https:\/\/www.paypalobjects.com\/fr_FR\/FR\/i\/btn\/btn_buynowCC_LG.gif\" type=\"image\" \/><br \/>\n<img loading=\"lazy\" decoding=\"async\" src=\"https:\/\/www.paypalobjects.com\/fr_FR\/i\/scr\/pixel.gif\" alt=\"\" width=\"1\" height=\"1\" border=\"0\" \/><\/form>\n<p><span style=\"color: #3366ff;\">Livraison : selon le pays de destination le temps de livraison varie entre 5 jours et 2 semaines.<\/span><\/p>\n<p><a href=\"https:\/\/www.patricyan.com\/boutique\/cgv\/\">Conditions g\u00e9n\u00e9rales de vente<\/a><\/p>\n<p><a href=\"https:\/\/www.patricyan.com\/boutique\/\">Retour \u00e0 la boutique<\/a><\/p>\n\n","protected":false},"excerpt":{"rendered":"<p>Red queen talisman Sculpture suspension. Techniques mixtes, metal, perles de verre, chainette. Mixed techniques, glass beads, chain. Dimensions : 0,70m Pour plus d&rsquo;informations &#8211; More informations 650 euros &#8211; Livraison gratuite eu Europe<\/p>\n","protected":false},"author":1,"featured_media":0,"parent":29,"menu_order":100,"comment_status":"closed","ping_status":"closed","template":"","meta":{"footnotes":""},"class_list":["post-378","page","type-page","status-publish","hentry"],"_links":{"self":[{"href":"https:\/\/www.patricyan.com\/boutique\/wp-json\/wp\/v2\/pages\/378","targetHints":{"allow":["GET"]}}],"collection":[{"href":"https:\/\/www.patricyan.com\/boutique\/wp-json\/wp\/v2\/pages"}],"about":[{"href":"https:\/\/www.patricyan.com\/boutique\/wp-json\/wp\/v2\/types\/page"}],"author":[{"embeddable":true,"href":"https:\/\/www.patricyan.com\/boutique\/wp-json\/wp\/v2\/users\/1"}],"replies":[{"embeddable":true,"href":"https:\/\/www.patricyan.com\/boutique\/wp-json\/wp\/v2\/comments?post=378"}],"version-history":[{"count":2,"href":"https:\/\/www.patricyan.com\/boutique\/wp-json\/wp\/v2\/pages\/378\/revisions"}],"predecessor-version":[{"id":391,"href":"https:\/\/www.patricyan.com\/boutique\/wp-json\/wp\/v2\/pages\/378\/revisions\/391"}],"up":[{"embeddable":true,"href":"https:\/\/www.patricyan.com\/boutique\/wp-json\/wp\/v2\/pages\/29"}],"wp:attachment":[{"href":"https:\/\/www.patricyan.com\/boutique\/wp-json\/wp\/v2\/media?parent=378"}],"curies":[{"name":"wp","href":"https:\/\/api.w.org\/{rel}","templated":true}]}}