{"id":381,"date":"2017-02-24T03:43:28","date_gmt":"2017-02-24T02:43:28","guid":{"rendered":"https:\/\/www.patricyan.com\/boutique\/?page_id=381"},"modified":"2017-02-24T03:48:32","modified_gmt":"2017-02-24T02:48:32","slug":"talisman-trompes","status":"publish","type":"page","link":"https:\/\/www.patricyan.com\/boutique\/accueil-2\/talisman-trompes\/","title":{"rendered":"Talisman trompes &#8211; 2004"},"content":{"rendered":"<p><em>Talisman tromps<\/em><\/p>\n<p><img loading=\"lazy\" decoding=\"async\" class=\"alignnone size-large wp-image-382 zoooom\" src=\"https:\/\/www.patricyan.com\/boutique\/wp-content\/uploads\/2017\/02\/page-corne-1-750x563.jpg\" alt=\"\" width=\"660\" height=\"495\" srcset=\"https:\/\/www.patricyan.com\/boutique\/wp-content\/uploads\/2017\/02\/page-corne-1-750x563.jpg 750w, https:\/\/www.patricyan.com\/boutique\/wp-content\/uploads\/2017\/02\/page-corne-1-300x225.jpg 300w, https:\/\/www.patricyan.com\/boutique\/wp-content\/uploads\/2017\/02\/page-corne-1-768x576.jpg 768w, https:\/\/www.patricyan.com\/boutique\/wp-content\/uploads\/2017\/02\/page-corne-1.jpg 1900w\" sizes=\"auto, (max-width: 660px) 100vw, 660px\" \/><\/p>\n<p>Sculpture suspension.<\/p>\n<p>Techniques mixtes, cornes, perles de verre, \u00e9toffe, cordelette.<\/p>\n<p><em>Mixed techniques, horns, glass beads and little cord.<\/em><\/p>\n<p>Dimensions : 0,40m<\/p>\n<p><a href=\"https:\/\/www.patricyan.com\/talismans-03.htm\" target=\"_blank\">Pour plus d&rsquo;informations &#8211; <em>More informations<\/em><\/a><\/p>\n<p><span style=\"color: #ff0000;\"><strong> 400 euros<\/strong> &#8211; Livraison gratuite eu Europe<\/span><\/p>\n<p><span style=\"color: #3366ff;\">En cliquant sur le bouton <em>Acheter<\/em> ci-dessous vous serez redirig\u00e9 vers le syst\u00e8me Paypal (paiement s\u00e9curis\u00e9) .<\/span><\/p>\n\n<form action=\"https:\/\/www.paypal.com\/cgi-bin\/webscr\" method=\"post\" target=\"_top\"><input name=\"cmd\" type=\"hidden\" value=\"_s-xclick\" \/><br \/>\n<input name=\"hosted_button_id\" type=\"hidden\" value=\"DL9F4ZULWUG3Q\" \/><br \/>\n<input alt=\"PayPal, le r\u00e9flexe s\u00e9curit\u00e9 pour payer en ligne\" name=\"submit\" src=\"https:\/\/www.paypalobjects.com\/fr_FR\/FR\/i\/btn\/btn_buynowCC_LG.gif\" type=\"image\" \/><br \/>\n<img loading=\"lazy\" decoding=\"async\" src=\"https:\/\/www.paypalobjects.com\/fr_FR\/i\/scr\/pixel.gif\" alt=\"\" width=\"1\" height=\"1\" border=\"0\" \/><\/form>\n<p><span style=\"color: #3366ff;\">Livraison : selon le pays de destination le temps de livraison varie entre 5 jours et 2 semaines.<\/span><\/p>\n<p><a href=\"https:\/\/www.patricyan.com\/boutique\/cgv\/\">Conditions g\u00e9n\u00e9rales de vente<\/a><\/p>\n<p><a href=\"https:\/\/www.patricyan.com\/boutique\/\">Retour \u00e0 la boutique<\/a><\/p>\n\n","protected":false},"excerpt":{"rendered":"<p>Talisman tromps Sculpture suspension. Techniques mixtes, cornes, perles de verre, \u00e9toffe, cordelette. Mixed techniques, horns, glass beads and little cord. Dimensions : 0,40m Pour plus d&rsquo;informations &#8211; More informations 400 euros &#8211; Livraison gratuite eu Europe<\/p>\n","protected":false},"author":1,"featured_media":0,"parent":29,"menu_order":110,"comment_status":"closed","ping_status":"closed","template":"","meta":{"footnotes":""},"class_list":["post-381","page","type-page","status-publish","hentry"],"_links":{"self":[{"href":"https:\/\/www.patricyan.com\/boutique\/wp-json\/wp\/v2\/pages\/381","targetHints":{"allow":["GET"]}}],"collection":[{"href":"https:\/\/www.patricyan.com\/boutique\/wp-json\/wp\/v2\/pages"}],"about":[{"href":"https:\/\/www.patricyan.com\/boutique\/wp-json\/wp\/v2\/types\/page"}],"author":[{"embeddable":true,"href":"https:\/\/www.patricyan.com\/boutique\/wp-json\/wp\/v2\/users\/1"}],"replies":[{"embeddable":true,"href":"https:\/\/www.patricyan.com\/boutique\/wp-json\/wp\/v2\/comments?post=381"}],"version-history":[{"count":3,"href":"https:\/\/www.patricyan.com\/boutique\/wp-json\/wp\/v2\/pages\/381\/revisions"}],"predecessor-version":[{"id":386,"href":"https:\/\/www.patricyan.com\/boutique\/wp-json\/wp\/v2\/pages\/381\/revisions\/386"}],"up":[{"embeddable":true,"href":"https:\/\/www.patricyan.com\/boutique\/wp-json\/wp\/v2\/pages\/29"}],"wp:attachment":[{"href":"https:\/\/www.patricyan.com\/boutique\/wp-json\/wp\/v2\/media?parent=381"}],"curies":[{"name":"wp","href":"https:\/\/api.w.org\/{rel}","templated":true}]}}