{"id":397,"date":"2017-02-24T04:06:05","date_gmt":"2017-02-24T03:06:05","guid":{"rendered":"https:\/\/www.patricyan.com\/boutique\/?page_id=397"},"modified":"2017-02-24T17:18:17","modified_gmt":"2017-02-24T16:18:17","slug":"ecoulements","status":"publish","type":"page","link":"https:\/\/www.patricyan.com\/boutique\/accueil-2\/ecoulements\/","title":{"rendered":"\u00c9coulements &#8211; 2016"},"content":{"rendered":"<p><em>Flows<\/em><\/p>\n<p><img loading=\"lazy\" decoding=\"async\" class=\"alignnone size-large wp-image-213 zoooom\" src=\"https:\/\/www.patricyan.com\/boutique\/wp-content\/uploads\/2017\/02\/page-cheveux-sang-750x1000.jpg\" alt=\"\" width=\"660\" height=\"880\" srcset=\"https:\/\/www.patricyan.com\/boutique\/wp-content\/uploads\/2017\/02\/page-cheveux-sang-750x1000.jpg 750w, https:\/\/www.patricyan.com\/boutique\/wp-content\/uploads\/2017\/02\/page-cheveux-sang-225x300.jpg 225w, https:\/\/www.patricyan.com\/boutique\/wp-content\/uploads\/2017\/02\/page-cheveux-sang-768x1024.jpg 768w, https:\/\/www.patricyan.com\/boutique\/wp-content\/uploads\/2017\/02\/page-cheveux-sang.jpg 1425w\" sizes=\"auto, (max-width: 660px) 100vw, 660px\" \/><\/p>\n<p>Sculpture transform\u00e9e.<\/p>\n<p>Peinture, fleurs en perles de verre, cheveux synth\u00e9tiques.<\/p>\n<p><em>Sculpture transformed.<\/em><\/p>\n<p><em>Painting, flowers glass beads, synthetic hair.<\/em><\/p>\n<p>Dimensions : 0,25m<\/p>\n<p><a href=\"https:\/\/oeuvrocyan.blogspot.fr\/2017\/01\/hic-est-sanguis-meus.html\" target=\"_blank\">Pour plus d\u2019informations \u2013 <em>More informations<\/em><\/a><\/p>\n<p><span style=\"color: #ff0000;\"><strong> 300 euros<\/strong> &#8211; Livraison gratuite eu Europe<\/span><\/p>\n<p><span style=\"color: #3366ff;\">En cliquant sur le bouton <em>Acheter<\/em> ci-dessous vous serez redirig\u00e9 vers le syst\u00e8me Paypal (paiement s\u00e9curis\u00e9) .<\/span><\/p>\n\n<form action=\"https:\/\/www.paypal.com\/cgi-bin\/webscr\" method=\"post\" target=\"_top\"><input name=\"cmd\" type=\"hidden\" value=\"_s-xclick\" \/><br \/>\n<input name=\"hosted_button_id\" type=\"hidden\" value=\"B9DD4KF44XEWU\" \/><br \/>\n<input alt=\"PayPal, le r\u00e9flexe s\u00e9curit\u00e9 pour payer en ligne\" name=\"submit\" src=\"https:\/\/www.paypalobjects.com\/fr_FR\/FR\/i\/btn\/btn_buynowCC_LG.gif\" type=\"image\" \/><br \/>\n<img loading=\"lazy\" decoding=\"async\" src=\"https:\/\/www.paypalobjects.com\/fr_FR\/i\/scr\/pixel.gif\" alt=\"\" width=\"1\" height=\"1\" border=\"0\" \/><\/form>\n<p><span style=\"color: #3366ff;\">Livraison : selon le pays de destination le temps de livraison varie entre 5 jours et 2 semaines.<\/span><\/p>\n<p><a href=\"https:\/\/www.patricyan.com\/boutique\/cgv\/\">Conditions g\u00e9n\u00e9rales de vente<\/a><\/p>\n<p><a href=\"https:\/\/www.patricyan.com\/boutique\/\">Retour \u00e0 la boutique<\/a><\/p>\n\n","protected":false},"excerpt":{"rendered":"<p>Flows Sculpture transform\u00e9e. Peinture, fleurs en perles de verre, cheveux synth\u00e9tiques. Sculpture transformed. Painting, flowers glass beads, synthetic hair. Dimensions : 0,25m Pour plus d\u2019informations \u2013 More informations 300 euros &#8211; Livraison gratuite eu Europe<\/p>\n","protected":false},"author":1,"featured_media":0,"parent":29,"menu_order":120,"comment_status":"closed","ping_status":"closed","template":"","meta":{"footnotes":""},"class_list":["post-397","page","type-page","status-publish","hentry"],"_links":{"self":[{"href":"https:\/\/www.patricyan.com\/boutique\/wp-json\/wp\/v2\/pages\/397","targetHints":{"allow":["GET"]}}],"collection":[{"href":"https:\/\/www.patricyan.com\/boutique\/wp-json\/wp\/v2\/pages"}],"about":[{"href":"https:\/\/www.patricyan.com\/boutique\/wp-json\/wp\/v2\/types\/page"}],"author":[{"embeddable":true,"href":"https:\/\/www.patricyan.com\/boutique\/wp-json\/wp\/v2\/users\/1"}],"replies":[{"embeddable":true,"href":"https:\/\/www.patricyan.com\/boutique\/wp-json\/wp\/v2\/comments?post=397"}],"version-history":[{"count":5,"href":"https:\/\/www.patricyan.com\/boutique\/wp-json\/wp\/v2\/pages\/397\/revisions"}],"predecessor-version":[{"id":475,"href":"https:\/\/www.patricyan.com\/boutique\/wp-json\/wp\/v2\/pages\/397\/revisions\/475"}],"up":[{"embeddable":true,"href":"https:\/\/www.patricyan.com\/boutique\/wp-json\/wp\/v2\/pages\/29"}],"wp:attachment":[{"href":"https:\/\/www.patricyan.com\/boutique\/wp-json\/wp\/v2\/media?parent=397"}],"curies":[{"name":"wp","href":"https:\/\/api.w.org\/{rel}","templated":true}]}}