{"id":464,"date":"2017-02-24T05:30:18","date_gmt":"2017-02-24T04:30:18","guid":{"rendered":"https:\/\/www.patricyan.com\/boutique\/?page_id=464"},"modified":"2017-02-24T05:32:36","modified_gmt":"2017-02-24T04:32:36","slug":"les-enfantelets-2","status":"publish","type":"page","link":"https:\/\/www.patricyan.com\/boutique\/accueil-2\/les-enfantelets-2\/","title":{"rendered":"Les enfantelets (2) &#8211; 2001"},"content":{"rendered":"<p><em>Children<\/em><\/p>\n<p><img loading=\"lazy\" decoding=\"async\" class=\"alignnone size-large wp-image-222 zoooom\" src=\"https:\/\/www.patricyan.com\/boutique\/wp-content\/uploads\/2017\/02\/page-enfantelet-2-710x1024.jpg\" alt=\"\" width=\"660\" height=\"952\" srcset=\"https:\/\/www.patricyan.com\/boutique\/wp-content\/uploads\/2017\/02\/page-enfantelet-2-710x1024.jpg 710w, https:\/\/www.patricyan.com\/boutique\/wp-content\/uploads\/2017\/02\/page-enfantelet-2-208x300.jpg 208w, https:\/\/www.patricyan.com\/boutique\/wp-content\/uploads\/2017\/02\/page-enfantelet-2-768x1107.jpg 768w, https:\/\/www.patricyan.com\/boutique\/wp-content\/uploads\/2017\/02\/page-enfantelet-2.jpg 1179w\" sizes=\"auto, (max-width: 660px) 100vw, 660px\" \/><\/p>\n<p>Sculpture suspension<\/p>\n<p>Assemblage m\u00e9taux.<\/p>\n<p><em>Sculpture assembly metal.<\/em><\/p>\n<p>Dimensions : 1,30m<\/p>\n<p><a href=\"https:\/\/www.patricyan.com\/habitacles-01.htm\" target=\"_blank\">Pour plus d&rsquo;informations &#8211; <em>More informations<\/em><\/a><\/p>\n<p><span style=\"color: #ff0000;\"><strong> 700 euros<\/strong> &#8211; Livraison gratuite eu Europe<\/span><\/p>\n<p><span style=\"color: #3366ff;\">En cliquant sur le bouton <em>Acheter<\/em> ci-dessous vous serez redirig\u00e9 vers le syst\u00e8me Paypal (paiement s\u00e9curis\u00e9) .<\/span><\/p>\n\n<form action=\"https:\/\/www.paypal.com\/cgi-bin\/webscr\" method=\"post\" target=\"_top\"><input name=\"cmd\" type=\"hidden\" value=\"_s-xclick\" \/><br \/>\n<input name=\"hosted_button_id\" type=\"hidden\" value=\"BN8KC9NCNNU7S\" \/><br \/>\n<input alt=\"PayPal, le r\u00e9flexe s\u00e9curit\u00e9 pour payer en ligne\" name=\"submit\" src=\"https:\/\/www.paypalobjects.com\/fr_FR\/FR\/i\/btn\/btn_buynowCC_LG.gif\" type=\"image\" \/><br \/>\n<img loading=\"lazy\" decoding=\"async\" src=\"https:\/\/www.paypalobjects.com\/fr_FR\/i\/scr\/pixel.gif\" alt=\"\" width=\"1\" height=\"1\" border=\"0\" \/><\/form>\n<p><span style=\"color: #3366ff;\">Livraison : selon le pays de destination le temps de livraison varie entre 5 jours et 2 semaines.<\/span><\/p>\n<p><a href=\"https:\/\/www.patricyan.com\/boutique\/cgv\/\">Conditions g\u00e9n\u00e9rales de vente<\/a><\/p>\n<p><a href=\"https:\/\/www.patricyan.com\/boutique\/\">Retour \u00e0 la boutique<\/a><\/p>\n\n","protected":false},"excerpt":{"rendered":"<p>Children Sculpture suspension Assemblage m\u00e9taux. Sculpture assembly metal. Dimensions : 1,30m Pour plus d&rsquo;informations &#8211; More informations 700 euros &#8211; Livraison gratuite eu Europe<\/p>\n","protected":false},"author":1,"featured_media":0,"parent":29,"menu_order":230,"comment_status":"closed","ping_status":"closed","template":"","meta":{"footnotes":""},"class_list":["post-464","page","type-page","status-publish","hentry"],"_links":{"self":[{"href":"https:\/\/www.patricyan.com\/boutique\/wp-json\/wp\/v2\/pages\/464","targetHints":{"allow":["GET"]}}],"collection":[{"href":"https:\/\/www.patricyan.com\/boutique\/wp-json\/wp\/v2\/pages"}],"about":[{"href":"https:\/\/www.patricyan.com\/boutique\/wp-json\/wp\/v2\/types\/page"}],"author":[{"embeddable":true,"href":"https:\/\/www.patricyan.com\/boutique\/wp-json\/wp\/v2\/users\/1"}],"replies":[{"embeddable":true,"href":"https:\/\/www.patricyan.com\/boutique\/wp-json\/wp\/v2\/comments?post=464"}],"version-history":[{"count":3,"href":"https:\/\/www.patricyan.com\/boutique\/wp-json\/wp\/v2\/pages\/464\/revisions"}],"predecessor-version":[{"id":467,"href":"https:\/\/www.patricyan.com\/boutique\/wp-json\/wp\/v2\/pages\/464\/revisions\/467"}],"up":[{"embeddable":true,"href":"https:\/\/www.patricyan.com\/boutique\/wp-json\/wp\/v2\/pages\/29"}],"wp:attachment":[{"href":"https:\/\/www.patricyan.com\/boutique\/wp-json\/wp\/v2\/media?parent=464"}],"curies":[{"name":"wp","href":"https:\/\/api.w.org\/{rel}","templated":true}]}}